{"id":4075,"date":"2022-06-15T13:05:18","date_gmt":"2022-06-15T10:05:18","guid":{"rendered":"https:\/\/messadtourism.com\/cancellation-and-refund-policy\/"},"modified":"2022-06-15T13:11:42","modified_gmt":"2022-06-15T10:11:42","slug":"iptal-ve-iade-kosullari","status":"publish","type":"page","link":"https:\/\/messadtourism.com\/tr\/iptal-ve-iade-kosullari\/","title":{"rendered":"\u0130ptal ve \u0130ade Ko\u015fullar\u0131"},"content":{"rendered":"<h2>S\u00d6ZLE\u015eME BEDEL\u0130 F\u0130YAT ARTI\u015eI<\/h2>\n<p>S\u00f6zle\u015fme bedelinde fiyat art\u0131\u015f\u0131 olmas\u0131 halinde, ilave olarak aradaki fark t\u00fcketiciden talep edilmeyece\u011fi gibi, tesis taraf\u0131ndan aksiyon olarak adland\u0131r\u0131lan indirimlerin de t\u00fcketiciye iadesi s\u00f6z konusu de\u011fildir. Ancak, S\u00f6zle\u015fme bedelinin d\u00f6viz cinsinden belirlendi\u011fi yurt d\u0131\u015f\u0131na y\u00f6nelik paket turlarda,\u00a0 d\u00f6viz kurunda meydana gelen ola\u011fan d\u0131\u015f\u0131 art\u0131\u015f olmas\u0131, liman, havaalan\u0131 gibi yerlerde tahsil edilen vergi, resim, har\u00e7 ve benzeri yasal y\u00fck\u00fcml\u00fcl\u00fcklerde de\u011fi\u015fiklikler meydana gelmesi, yak\u0131t giderleri dahil olmak \u00fczere ula\u015ft\u0131rma masraflar\u0131nda ola\u011fan\u00fcst\u00fc art\u0131\u015f ya\u015fanmas\u0131 halinde (%2 den fazla fiyat art\u0131\u015f\u0131 olmas\u0131, ola\u011fan d\u0131\u015f\u0131 art\u0131\u015f olarak nitelendirilecektir) T\u00fcketici, messad tourism in fiyat ve ko\u015fullarda, s\u00f6zle\u015fme bedelinin %5 ini ge\u00e7meyecek \u015fekilde de\u011fi\u015fiklik yapma hakk\u0131 oldu\u011funu kabul etmi\u015ftir.<\/p>\n<p>&nbsp;<\/p>\n<h2>H\u0130ZMET DEVR\u0130<\/h2>\n<p>T\u00fcketici, sat\u0131n al\u0131nan tur\/konaklama\/hizmete devam etmesinin m\u00fcmk\u00fcn olmamas\u0131 durumunda, hareket tarihinden en az 7 g\u00fcn \u00f6nce messad tourism&#8217;e bildirimde bulunarak rezervasyonunu, s\u00f6zle\u015fme a\u00e7\u0131s\u0131ndan ge\u00e7erli t\u00fcm ko\u015fullar\u0131 yerine getirecek \u00fc\u00e7\u00fcnc\u00fc bir ki\u015fiye devredebilir. Bu durumda s\u00f6zle\u015fmeyi devreden ve devralan \u015fah\u0131s\/\u015fah\u0131slar, messad tourism&#8217;e kar\u015f\u0131 bakiye tutardan ve s\u00f6z konusu devirden do\u011fan t\u00fcm ilave masraflar\u0131n \u00f6denmesinden m\u00fcteselsilen sorumludurlar. U\u00e7ak ula\u015f\u0131ml\u0131 turlarda ise bu durum ta\u015f\u0131y\u0131c\u0131 havayolu firmas\u0131n\u0131n iptal ve de\u011fi\u015fiklik ko\u015fullar\u0131 do\u011frultusunda de\u011ferlendirilir. \u00d6zellikle yurt d\u0131\u015f\u0131 turlarda devredilen turlarla ilgili olarak vize i\u015flemi tamamlanm\u0131\u015f olan t\u00fcketicilerin vize bedelleri iade olmaz. Paket turu devir alan t\u00fcketicilerin ise vize sorumluluklar\u0131 kendilerine ait olacakt\u0131r. T\u00fcketicilerin vizelerinin bulunmamas\u0131, ba\u015fvuru yapm\u0131\u015f olmalar\u0131na ra\u011fmen, tur ba\u015flang\u0131\u00e7 tarihine kadar ilgili kurumdan vize alamamalar\u0131 durumda, messad tourism sorumluluk kabul etmedi\u011fi gibi, tur bedelinin tamam\u0131n\u0131 devreden ve devralandan (m\u00fcteselsil olarak) tahsil eder. Hizmeti devralan ki\u015finin, devredenle ayn\u0131 stat\u00fcde olmamas\u0131 halinde, devir ger\u00e7ekle\u015fmez veya yap\u0131lan \u00f6zel indirimler kald\u0131r\u0131larak devir i\u015flemi tamamlan\u0131r.<\/p>\n<p>&nbsp;<\/p>\n<h2>DE\u011e\u0130\u015e\u0130KL\u0130K HAKLARI<\/h2>\n<p>Paket turun \/ hizmetin ba\u015flamas\u0131ndan \u00f6nce, T\u00fcketiciden kaynaklanmayan nedenlerle s\u00f6zle\u015fme i\u00e7eri\u011finde yap\u0131lan \u00f6nemli de\u011fi\u015fiklikler ile 5. maddede belirtilen sebeplerle yap\u0131lan fiyat ve de\u011fi\u015fikler d\u0131\u015f\u0131ndaki di\u011fer fiyat vb. de\u011fi\u015fiklikler esasl\u0131 s\u00f6zle\u015fme de\u011fi\u015fiklikleri olarak kabul edilmi\u015ftir. Esasl\u0131 s\u00f6zle\u015fme de\u011fi\u015fiklikleri ve i\u015fbu esasl\u0131 s\u00f6zle\u015fme de\u011fi\u015fikliklerinin fiyat \u00fczerindeki etkisi messad tourism taraf\u0131ndan yaz\u0131l\u0131 olarak ve\/veya Kal\u0131c\u0131 veri saklay\u0131c\u0131s\u0131 yoluyla T\u00fcketiciye\/kat\u0131l\u0131mc\u0131ya derhal bildirilir. T\u00fcketici\/Kat\u0131l\u0131mc\u0131, bildirimin kendisine yap\u0131lmas\u0131n\u0131 m\u00fcteakip derhal yaz\u0131l\u0131 olarak veya kal\u0131c\u0131 veri saklay\u0131c\u0131s\u0131 ile bildirilen de\u011fi\u015fikli\u011fi kabul edebilece\u011fi gibi yap\u0131lan de\u011fi\u015fikli\u011fi kabul etmedi\u011fini messad tourism&#8217;e, yaz\u0131l\u0131 olarak veya kal\u0131c\u0131 veri saklay\u0131c\u0131s\u0131 ile bildirmek ko\u015fulu ile;<\/p>\n<ol>\n<li>messad tourism taraf\u0131ndan sunulan, e\u015fit veya daha y\u00fcksek de\u011ferde ba\u015fka bir paket tura ek bir bedel \u00f6demeksizin kat\u0131lma,<\/li>\n<li>Fiyat fark\u0131n\u0131n kendisine iade edilmesi \u015fart\u0131yla daha d\u00fc\u015f\u00fck de\u011ferde bir paket tura kat\u0131lma,<\/li>\n<li>Herhangi bir tazminat \u00f6demeksizin s\u00f6zle\u015fmeden d\u00f6nme haklar\u0131ndan birini kullanabilir.<\/li>\n<\/ol>\n<p>T\u00fcketici\/Kat\u0131l\u0131mc\u0131 taraf\u0131ndan s\u00f6zle\u015fmeden d\u00f6n\u00fclmesi halinde, s\u00f6zle\u015fmeden d\u00f6nme bildiriminin messad tourism&#8217;e ula\u015ft\u0131\u011f\u0131 tarihten itibaren, en ge\u00e7 14 g\u00fcn i\u00e7inde, Kat\u0131l\u0131mc\u0131\/T\u00fcketicinin \u00f6demi\u015f oldu\u011fu bedel, kesinti yap\u0131lmaks\u0131z\u0131n T\u00fcketici\/Kat\u0131l\u0131mc\u0131ya iade edilir. Kat\u0131l\u0131mc\u0131\/t\u00fcketici, messad tourism taraf\u0131ndan, esasl\u0131 s\u00f6zle\u015fme de\u011fi\u015fiklikleri ve i\u015fbu esasl\u0131 s\u00f6zle\u015fme de\u011fi\u015fikliklerinin fiyat \u00fczerindeki etkisi yukar\u0131daki usullerde kendisine bildirilmi\u015f olmas\u0131na ra\u011fmen, T\u00fcketici\/Kat\u0131l\u0131mc\u0131, bildirme herhangi bir yan\u0131t vermez ve\/veya yukar\u0131da belirtilen haklar\u0131ndan hangisini kulland\u0131\u011f\u0131n\u0131 yukar\u0131da belirtilen usuller ile messad tourism&#8217;e bildirmez ise kendisine bildirilen fiyat art\u0131\u015flar\u0131 dahil paket tur s\u00f6zle\u015fmesindeki esasl\u0131 de\u011fi\u015fiklikleri ihtiva eden, paket tur s\u00f6zle\u015fmesinin esasl\u0131 unsurlar\u0131n\u0131 de\u011fi\u015ftiren bu ek s\u00f6zle\u015fme niteli\u011findeki yeni ko\u015fullar\u0131 kabul etmi\u015f say\u0131laca\u011f\u0131n\u0131, hi\u00e7bir bildirimde bulunmaks\u0131z\u0131n tura kat\u0131lmamas\u0131 halinde T\u00fcketicinin hizmeti almad\u0131\u011f\u0131 gerek\u00e7esiyle \u00fccretlerin iadesini ya da tenkisini talep edemeyece\u011fini, \u00f6demi\u015f oldu\u011fu \u00fccretlerin cayma tazminat\u0131 oldu\u011funu, kabul ve beyan etmi\u015ftir. messad tourism, T\u00fcketici\/Kat\u0131l\u0131mc\u0131dan kaynaklamayan bir nedenle, turun\/hizmetin ba\u015flamas\u0131ndan \u00f6nce turu\/s\u00f6zle\u015fmeyi iptal eder ise, T\u00fcketici\/Kat\u0131l\u0131mc\u0131, yukar\u0131da a), b) ve c) bendlerinde say\u0131lan ve T\u00fcketiciye\/Kat\u0131l\u0131mc\u0131ya tan\u0131nan haklar\u0131 kullanabilir.<\/p>\n<p>&nbsp;<\/p>\n<h2>H\u0130ZMET BA\u015eLAMAMA VE DEVAM EDEMEME DURUMU<\/h2>\n<p>messad tourism gerekli t\u00fcm \u00f6zeni g\u00f6stermi\u015f olmas\u0131na ra\u011fmen a\u015fa\u011f\u0131da belirtilen nedenlerle, tura \/ hizmete ba\u015flanamaz veya yine a\u015fa\u011f\u0131da belirtilen nedenlerle turun devam\u0131 imkans\u0131z hale gelirse ve\/veya s\u00f6zle\u015fmeye ayk\u0131r\u0131l\u0131\u011f\u0131n a\u015fa\u011f\u0131da belirtilen nedenlerden kaynaklanmas\u0131 halinde, messad tourism, s\u00f6zle\u015fmenin hi\u00e7 veya gere\u011fi gibi ifa edilememesinden sorumlu tutulamaz;<\/p>\n<ol>\n<li>T\u00fcketicinin kusurunun bulunmas\u0131.<\/li>\n<li>S\u00f6zle\u015fmenin ifas\u0131 s\u00fcrecine dahil olmayan \u00fc\u00e7\u00fcnc\u00fc bir ki\u015finin beklenmeyen ve \u00f6nlenemez bir davran\u0131\u015f\u0131n\u0131n bulunmas\u0131.<\/li>\n<li>M\u00fccbir sebebin bulunmas\u0131.<\/li>\n<li>Paket tur d\u00fczenleyicisinin, arac\u0131s\u0131n\u0131n veya ba\u011f\u0131ms\u0131z hizmet sa\u011flay\u0131c\u0131s\u0131n\u0131n gerekli t\u00fcm \u00f6zeni g\u00f6stermelerine ra\u011fmen \u00f6ng\u00f6remedikleri ve engelleyemedikleri bir olay\u0131n meydana gelmesi,<\/li>\n<li>Paket turun d\u00fczenlenmesi i\u00e7in \u00f6ng\u00f6r\u00fclen asgari kat\u0131l\u0131m\u0131n sa\u011flanamamas\u0131 nedeniyle iptal edilmesi ve iptalin s\u00f6zle\u015fmede \u00f6ng\u00f6r\u00fclen s\u00fcrede paket turun ba\u015flamas\u0131ndan en az yirmi g\u00fcn \u00f6nce yaz\u0131l\u0131 olarak veya kal\u0131c\u0131 veri saklay\u0131c\u0131s\u0131 ile T\u00fcketiciye bildirilmi\u015f olmas\u0131 (Turun erteleme ve\/veya iptal sebebi, turun ba\u015flamas\u0131na 20 g\u00fcnden daha az bir s\u00fcre kala ortaya \u00e7\u0131karsa, bundan messad tourism sorumlu tutulamaz.)<\/li>\n<\/ol>\n<p>Yukar\u0131da belirtilen sebeplerin tur ba\u015flamadan \u00f6nce ortaya \u00e7\u0131kmas\u0131 durumunda, messad tourism&#8217;in, T\u00fcketiciye yaz\u0131l\u0131 olarak veya Kal\u0131c\u0131 Veri Saklay\u0131c\u0131s\u0131 ile bilgi vererek, turu \/ hizmeti iptal etme ve\/veya erteleme veya alternatif bir tur \u00f6nerme hakk\u0131 vard\u0131r. Yukar\u0131da belirtilen sebeplerle, tura ba\u015flanamaz ve t\u00fcketici de turun ertelenmesini veya alternatif tura kat\u0131lmay\u0131 kabul etmez ise, messad tourism, T\u00fcketicinin turunu iptal eder. Bu durumda, t\u00fcketici e\u011fer messad tourism&#8217;in erteleme talebini veya alternatif tur \u00f6nerisini kabul etmez veya turun ertelenmesi fiilen imkans\u0131z ise, messad tourism T\u00fcketicinin o tarihe kadar yapm\u0131\u015f oldu\u011fu \u00f6demeleri, T\u00fcketici i\u00e7in yap\u0131lan resmi \u00f6demeler (vergi, har\u00e7, vs.) hari\u00e7, t\u00fcketiciye iade edilir. M\u00fccbir sebepler tur ba\u015flad\u0131ktan sonra, hizmetin ifas\u0131 s\u0131ras\u0131nda ortaya \u00e7\u0131karsa, messad tourism&#8217;in sorumlulu\u011fu, T\u00fcketiciyi, turun ba\u015flang\u0131\u00e7 noktas\u0131na geri getirmekten ibaret olup, messad tourism&#8217;e ba\u015fkaca bir sorumluluk (iade, tazminat, vs.) y\u00fcklenemez.<\/p>\n<p>&nbsp;<\/p>\n<h2>\u0130PTAL VE \u0130ADE \u015eARTLARI<\/h2>\n<p>T\u00fcketici taraf\u0131ndan hizmetin ba\u015flamas\u0131ndan 30 g\u00fcn \u00f6ncesine kadar, sebep g\u00f6sterilmeksizin yap\u0131lan iptallerde, \u00f6denmesi zorunlu vergi, har\u00e7 ve benzeri yasal y\u00fck\u00fcml\u00fcl\u00fcklerden do\u011fan masraflar ile \u00fc\u00e7\u00fcnc\u00fc ki\u015filere \u00f6denip belgelendirilebilen ve iadesi m\u00fcmk\u00fcn olmayan bedeller hari\u00e7 olmak \u00fczere \u00f6dedi\u011fi bedel t\u00fcketiciye iade edilir. T\u00fcketici taraf\u0131ndan hizmetin ba\u015flamas\u0131ndan evvel 29 ile 15 g\u00fcn aras\u0131nda yap\u0131lan iptallerde, rezervasyon bedelinin %35&#8217;ini, 14 g\u00fcnden az bir s\u00fcre kala yap\u0131lan iptallerde, t\u00fcketici rezervasyon bedelinin tamam\u0131n\u0131 messad tourism&#8217;e \u00f6demeyi beyan, kabul ve taahh\u00fct eder. T\u00fcketicinin \u00f6zel \u00fcr\u00fcnlerde hizmetin ba\u015flamas\u0131na 60 g\u00fcn kalaya kadar yap\u0131lan iptallerde, t\u00fcketiciye o ana kadar \u00f6dedi\u011fi \u00fccretinin tamam\u0131 iade edilir. T\u00fcketici, hizmetin ba\u015flamas\u0131ndan 59-31 g\u00fcn \u00f6nce s\u00f6zle\u015fmeyi iptal etmesi halinde rezervasyon bedelinin %25&#8217;ini, 30-15 g\u00fcn \u00f6nce s\u00f6zle\u015fmeyi iptal etmesi halinde tur bedelinin %50&#8217;sini, 14-07 g\u00fcn \u00f6nce s\u00f6zle\u015fmeyi iptal etmesi halinde gezi bedelinin %75&#8217;ini, 7 g\u00fcnden az bir s\u00fcre kala ise tamam\u0131n\u0131 messad tourism&#8217;e \u00f6demeyi beyan, kabul ve taahh\u00fct eder. Al\u0131nm\u0131\u015f olan hizmet, y\u0131lba\u015f\u0131, s\u00f6mestre, bayram d\u00f6nemi gibi \u00f6zel d\u00f6nemler veya di\u011fer kampanyalar d\u00e2hilinde bir \u00fcr\u00fcn ise, s\u00f6zle\u015fmenin yukar\u0131daki maddeleri ge\u00e7erli de\u011fildir. Bu durumda t\u00fcketicinin iptal, iade hakk\u0131 bulunmamaktad\u0131r. Yurt i\u00e7i konaklamalarda Erken rezervasyon iptal sigortas\u0131 yapt\u0131ran, K\u00fclt\u00fcr turlar\u0131nda erken rezervasyonu iptal g\u00fcvence paketi alan t\u00fcketici(ler), hizmet ba\u015flang\u0131c\u0131na 72 saat kala kesintisiz iptal hakk\u0131n\u0131 kullanabilir. T\u00fcketicinin erken rezervasyon iptal sigortas\u0131 veya erken rezervasyon g\u00fcvence paketi u\u00e7ak ula\u015f\u0131m bedellerini kapsamamaktad\u0131r. Yurt d\u0131\u015f\u0131 seyahatlerinde yap\u0131lan iptallerde, vize al\u0131nm\u0131\u015f ise, vize bedeli iade edilemez. U\u00e7ak ula\u015f\u0131ml\u0131 turlarda, t\u00fcketicinin iptal talebinde, bu durum ta\u015f\u0131y\u0131c\u0131 havayolu firmas\u0131n\u0131n iptal ve de\u011fi\u015fiklik ko\u015fullar\u0131 do\u011frultusunda de\u011ferlendirilir. T\u00fcketicinin hizmetin de\u011fi\u015ftirilmesine y\u00f6nelik talebi halinde, bu de\u011fi\u015fikli\u011fin messad tourism taraf\u0131ndan uygun bulunmas\u0131 \u015fart\u0131yla, \u00f6nceki al\u0131nan hizmetle, yeni talep etmi\u015f oldu\u011fu hizmet aras\u0131nda fiyat fark\u0131 var ise t\u00fcketici aradaki fark\u0131, de\u011fi\u015fiklik talebinin kabul\u00fcyle birlikte derhal messad tourism\u2019e \u00f6demek zorundad\u0131r. Ancak yeni hizmetin fiyat\u0131, bir \u00f6nceki hizmet fiyat\u0131ndan d\u00fc\u015f\u00fck ise messad tourism aradaki fark\u0131 t\u00fcketiciye iade edecektir.<\/p>\n<p>&nbsp;<\/p>\n<h2>M\u00dcCB\u0130R SEBEPLER<\/h2>\n<p>T\u00fcketici, gerekli t\u00fcm \u00f6zeni g\u00f6stermesine ra\u011fmen, \u00f6ng\u00f6remedi\u011fi veya engelleyemedi\u011fi bir durum veya m\u00fccbir sebep nedeniyle, turun\/hizmetin ba\u015flamas\u0131na 30 g\u00fcnden daha az bir s\u00fcre kala bildirimde bulunmas\u0131 halinde, \u00f6denmesi zorunlu vergi, har\u00e7, vb. yasal y\u00fck\u00fcml\u00fcl\u00fcklerinden do\u011fan masraflar ile \u00fc\u00e7\u00fcnc\u00fc ki\u015filere \u00f6denip belgelendirilebilen ve iadesi m\u00fcmk\u00fcn olmayan bedeller hari\u00e7, T\u00fcketicinin \u00f6demi\u015f oldu\u011fu bedel kendisine iade edilir. Turun devam\u0131 s\u0131ras\u0131nda ortaya \u00e7\u0131kmas\u0131 halinde buna ili\u015fkin bilgi ve belgeler, t\u00fcketicinin turdan ayr\u0131lmas\u0131ndan itibaren derhal messad tourism\u2019e belgesiyle birlikte sunulmal\u0131d\u0131r. T\u00fcketicinin ba\u015flang\u0131c\u0131n\u0131 ka\u00e7\u0131rd\u0131\u011f\u0131 tur\/konaklama\/hizmete i\u015ftirak edece\u011fini yaz\u0131l\u0131 olarak bildirmemesi durumunda; messad tourism t\u00fcketici ad\u0131na yap\u0131lm\u0131\u015f t\u00fcm rezervasyon ve hizmetleri 24 saat sonra iptal etme hakk\u0131na sahiptir. Bu gibi iptallerde t\u00fcketiciye herhangi bir \u00fccret iadesi yap\u0131lmaz.<\/p>\n<p>\u00d6ng\u00f6r\u00fclemeyen durum veya m\u00fccbir sebep, turun devam\u0131 s\u0131ras\u0131nda ortaya \u00e7\u0131kmas\u0131 halinde, buna ili\u015fkin bilgi ve belgeler, t\u00fcketicinin turdan ayr\u0131lmas\u0131ndan itibaren ve derhal messad tourism\u2019e belgesiyle birlikte sunulmal\u0131d\u0131r. T\u00fcketicinin ba\u015flang\u0131c\u0131n\u0131 ka\u00e7\u0131rd\u0131\u011f\u0131 tur\/konaklama\/hizmete i\u015ftirak edece\u011fini yaz\u0131l\u0131 olarak bildirmemesi durumunda; messad tourism t\u00fcketici ad\u0131na yap\u0131lm\u0131\u015f t\u00fcm rezervasyon ve hizmetleri 24 saat sonra iptal etme hakk\u0131na sahiptir. Bu gibi iptallerde t\u00fcketiciye herhangi bir \u00fccret iadesi yap\u0131lmaz.<\/p>\n","protected":false},"excerpt":{"rendered":"<p>S\u00d6ZLE\u015eME BEDEL\u0130 F\u0130YAT ARTI\u015eI S\u00f6zle\u015fme bedelinde fiyat art\u0131\u015f\u0131 olmas\u0131 halinde, ilave olarak aradaki fark t\u00fcketiciden talep edilmeyece\u011fi gibi, tesis taraf\u0131ndan aksiyon olarak adland\u0131r\u0131lan indirimlerin de t\u00fcketiciye iadesi s\u00f6z konusu de\u011fildir. Ancak, S\u00f6zle\u015fme bedelinin d\u00f6viz cinsinden belirlendi\u011fi yurt d\u0131\u015f\u0131na y\u00f6nelik paket  [&#8230;]<\/p>\n","protected":false},"author":6,"featured_media":0,"parent":0,"menu_order":0,"comment_status":"closed","ping_status":"closed","template":"","meta":{"footnotes":""},"class_list":["post-4075","page","type-page","status-publish","hentry"],"yoast_head":"<!-- This site is optimized with the Yoast SEO plugin v27.3 - https:\/\/yoast.com\/product\/yoast-seo-wordpress\/ -->\n<title>\u0130ptal ve \u0130ade Ko\u015fullar\u0131 | Messad Tourism<\/title>\n<meta name=\"robots\" content=\"index, follow, max-snippet:-1, max-image-preview:large, max-video-preview:-1\" \/>\n<link rel=\"canonical\" href=\"https:\/\/messadtourism.com\/tr\/iptal-ve-iade-kosullari\/\" \/>\n<meta property=\"og:locale\" content=\"tr_TR\" \/>\n<meta property=\"og:type\" content=\"article\" \/>\n<meta property=\"og:title\" content=\"\u0130ptal ve \u0130ade Ko\u015fullar\u0131 | Messad Tourism\" \/>\n<meta property=\"og:description\" content=\"S\u00d6ZLE\u015eME BEDEL\u0130 F\u0130YAT ARTI\u015eI S\u00f6zle\u015fme bedelinde fiyat art\u0131\u015f\u0131 olmas\u0131 halinde, ilave olarak aradaki fark t\u00fcketiciden talep edilmeyece\u011fi gibi, tesis taraf\u0131ndan aksiyon olarak adland\u0131r\u0131lan indirimlerin de t\u00fcketiciye iadesi s\u00f6z konusu de\u011fildir. Ancak, S\u00f6zle\u015fme bedelinin d\u00f6viz cinsinden belirlendi\u011fi yurt d\u0131\u015f\u0131na y\u00f6nelik paket [...]\" \/>\n<meta property=\"og:url\" content=\"https:\/\/messadtourism.com\/tr\/iptal-ve-iade-kosullari\/\" \/>\n<meta property=\"og:site_name\" content=\"Messad Tourism\" \/>\n<meta property=\"article:publisher\" content=\"https:\/\/www.facebook.com\/messadtourism\" \/>\n<meta property=\"article:modified_time\" content=\"2022-06-15T10:11:42+00:00\" \/>\n<meta name=\"twitter:card\" content=\"summary_large_image\" \/>\n<meta name=\"twitter:site\" content=\"@messadtourism\" \/>\n<meta name=\"twitter:label1\" content=\"Tahmini okuma s\u00fcresi\" \/>\n\t<meta name=\"twitter:data1\" content=\"9 dakika\" \/>\n<script type=\"application\/ld+json\" class=\"yoast-schema-graph\">{\"@context\":\"https:\\\/\\\/schema.org\",\"@graph\":[{\"@type\":\"WebPage\",\"@id\":\"https:\\\/\\\/messadtourism.com\\\/tr\\\/iptal-ve-iade-kosullari\\\/\",\"url\":\"https:\\\/\\\/messadtourism.com\\\/tr\\\/iptal-ve-iade-kosullari\\\/\",\"name\":\"\u0130ptal ve \u0130ade Ko\u015fullar\u0131 | Messad Tourism\",\"isPartOf\":{\"@id\":\"https:\\\/\\\/messadtourism.com\\\/#website\"},\"datePublished\":\"2022-06-15T10:05:18+00:00\",\"dateModified\":\"2022-06-15T10:11:42+00:00\",\"breadcrumb\":{\"@id\":\"https:\\\/\\\/messadtourism.com\\\/tr\\\/iptal-ve-iade-kosullari\\\/#breadcrumb\"},\"inLanguage\":\"tr\",\"potentialAction\":[{\"@type\":\"ReadAction\",\"target\":[\"https:\\\/\\\/messadtourism.com\\\/tr\\\/iptal-ve-iade-kosullari\\\/\"]}]},{\"@type\":\"BreadcrumbList\",\"@id\":\"https:\\\/\\\/messadtourism.com\\\/tr\\\/iptal-ve-iade-kosullari\\\/#breadcrumb\",\"itemListElement\":[{\"@type\":\"ListItem\",\"position\":1,\"name\":\"Ana sayfa\",\"item\":\"https:\\\/\\\/messadtourism.com\\\/tr\\\/\"},{\"@type\":\"ListItem\",\"position\":2,\"name\":\"\u0130ptal ve \u0130ade Ko\u015fullar\u0131\"}]},{\"@type\":\"WebSite\",\"@id\":\"https:\\\/\\\/messadtourism.com\\\/#website\",\"url\":\"https:\\\/\\\/messadtourism.com\\\/\",\"name\":\"Messad Tourism\",\"description\":\"\",\"potentialAction\":[{\"@type\":\"SearchAction\",\"target\":{\"@type\":\"EntryPoint\",\"urlTemplate\":\"https:\\\/\\\/messadtourism.com\\\/?s={search_term_string}\"},\"query-input\":{\"@type\":\"PropertyValueSpecification\",\"valueRequired\":true,\"valueName\":\"search_term_string\"}}],\"inLanguage\":\"tr\"}]}<\/script>\n<!-- \/ Yoast SEO plugin. -->","yoast_head_json":{"title":"\u0130ptal ve \u0130ade Ko\u015fullar\u0131 | Messad Tourism","robots":{"index":"index","follow":"follow","max-snippet":"max-snippet:-1","max-image-preview":"max-image-preview:large","max-video-preview":"max-video-preview:-1"},"canonical":"https:\/\/messadtourism.com\/tr\/iptal-ve-iade-kosullari\/","og_locale":"tr_TR","og_type":"article","og_title":"\u0130ptal ve \u0130ade Ko\u015fullar\u0131 | Messad Tourism","og_description":"S\u00d6ZLE\u015eME BEDEL\u0130 F\u0130YAT ARTI\u015eI S\u00f6zle\u015fme bedelinde fiyat art\u0131\u015f\u0131 olmas\u0131 halinde, ilave olarak aradaki fark t\u00fcketiciden talep edilmeyece\u011fi gibi, tesis taraf\u0131ndan aksiyon olarak adland\u0131r\u0131lan indirimlerin de t\u00fcketiciye iadesi s\u00f6z konusu de\u011fildir. Ancak, S\u00f6zle\u015fme bedelinin d\u00f6viz cinsinden belirlendi\u011fi yurt d\u0131\u015f\u0131na y\u00f6nelik paket [...]","og_url":"https:\/\/messadtourism.com\/tr\/iptal-ve-iade-kosullari\/","og_site_name":"Messad Tourism","article_publisher":"https:\/\/www.facebook.com\/messadtourism","article_modified_time":"2022-06-15T10:11:42+00:00","twitter_card":"summary_large_image","twitter_site":"@messadtourism","twitter_misc":{"Tahmini okuma s\u00fcresi":"9 dakika"},"schema":{"@context":"https:\/\/schema.org","@graph":[{"@type":"WebPage","@id":"https:\/\/messadtourism.com\/tr\/iptal-ve-iade-kosullari\/","url":"https:\/\/messadtourism.com\/tr\/iptal-ve-iade-kosullari\/","name":"\u0130ptal ve \u0130ade Ko\u015fullar\u0131 | Messad Tourism","isPartOf":{"@id":"https:\/\/messadtourism.com\/#website"},"datePublished":"2022-06-15T10:05:18+00:00","dateModified":"2022-06-15T10:11:42+00:00","breadcrumb":{"@id":"https:\/\/messadtourism.com\/tr\/iptal-ve-iade-kosullari\/#breadcrumb"},"inLanguage":"tr","potentialAction":[{"@type":"ReadAction","target":["https:\/\/messadtourism.com\/tr\/iptal-ve-iade-kosullari\/"]}]},{"@type":"BreadcrumbList","@id":"https:\/\/messadtourism.com\/tr\/iptal-ve-iade-kosullari\/#breadcrumb","itemListElement":[{"@type":"ListItem","position":1,"name":"Ana sayfa","item":"https:\/\/messadtourism.com\/tr\/"},{"@type":"ListItem","position":2,"name":"\u0130ptal ve \u0130ade Ko\u015fullar\u0131"}]},{"@type":"WebSite","@id":"https:\/\/messadtourism.com\/#website","url":"https:\/\/messadtourism.com\/","name":"Messad Tourism","description":"","potentialAction":[{"@type":"SearchAction","target":{"@type":"EntryPoint","urlTemplate":"https:\/\/messadtourism.com\/?s={search_term_string}"},"query-input":{"@type":"PropertyValueSpecification","valueRequired":true,"valueName":"search_term_string"}}],"inLanguage":"tr"}]}},"_links":{"self":[{"href":"https:\/\/messadtourism.com\/tr\/wp-json\/wp\/v2\/pages\/4075","targetHints":{"allow":["GET"]}}],"collection":[{"href":"https:\/\/messadtourism.com\/tr\/wp-json\/wp\/v2\/pages"}],"about":[{"href":"https:\/\/messadtourism.com\/tr\/wp-json\/wp\/v2\/types\/page"}],"author":[{"embeddable":true,"href":"https:\/\/messadtourism.com\/tr\/wp-json\/wp\/v2\/users\/6"}],"replies":[{"embeddable":true,"href":"https:\/\/messadtourism.com\/tr\/wp-json\/wp\/v2\/comments?post=4075"}],"version-history":[{"count":1,"href":"https:\/\/messadtourism.com\/tr\/wp-json\/wp\/v2\/pages\/4075\/revisions"}],"predecessor-version":[{"id":4077,"href":"https:\/\/messadtourism.com\/tr\/wp-json\/wp\/v2\/pages\/4075\/revisions\/4077"}],"wp:attachment":[{"href":"https:\/\/messadtourism.com\/tr\/wp-json\/wp\/v2\/media?parent=4075"}],"curies":[{"name":"wp","href":"https:\/\/api.w.org\/{rel}","templated":true}]}}