{"id":4070,"date":"2022-06-15T13:06:27","date_gmt":"2022-06-15T10:06:27","guid":{"rendered":"https:\/\/messadtourism.com\/terms-of-use-and-privacy-policy\/"},"modified":"2022-06-15T13:06:27","modified_gmt":"2022-06-15T10:06:27","slug":"terms-of-use-and-privacy-policy","status":"publish","type":"page","link":"https:\/\/messadtourism.com\/fr\/terms-of-use-and-privacy-policy\/","title":{"rendered":"Terms of Use and Privacy Policy"},"content":{"rendered":"<h1>Kullan\u0131m Ko\u015fullar\u0131 ve Gizlilik Politikas\u0131<\/h1>\n<p>Kullan\u0131m ve gizlilik ko\u015fullar\u0131 messad tuizm&rsquo;e ait www.messadtourism.com ve burada belirtilen messad tourism logosunu ta\u015f\u0131yan, bu sayfada listelenen t\u00fcm mikro siteler i\u00e7in ge\u00e7erlidir. S\u00f6z konusu messad tourism web sitelerini ziyaret etti\u011finizde sitelerde yer alan kullan\u0131m ko\u015fullar\u0131 ve gizlilik ilkelerini incelemelisiniz. Bu siteler haricindeki herhangi bir sitede messad tourism logosunu g\u00f6rmeniz bu g\u00fcvenlik ve gizlilik kurallar\u0131n\u0131n o sitede ge\u00e7erli oldu\u011fu anlam\u0131n\u0131 ta\u015f\u0131maz.<\/p>\n<p>messadtourism.com sitesinde yer alan t\u00fcm bilgiler ve yap\u0131lan y\u00f6nlendirmelerdeki t\u00fcm linkler tamamen ziyaret\u00e7iye bilgi vermek amac\u0131yla kullan\u0131c\u0131ya sunulmu\u015ftur ve yay\u0131nlanan bilgilerde hi\u00e7bir \u015fekilde ticari ama\u00e7 g\u00fctmeksizin yay\u0131nlanmaktad\u0131r.<\/p>\n<p>Yukar\u0131da belirtilen ilgili sitelerde yay\u0131nlanan t\u00fcm bilgiler messad tourism\u2019e aittir.<br \/>\nBu web sitesinde bulunan bilgileri g\u00fcncellemek, de\u011fi\u015ftirmek, \u00e7\u0131karmak veya d\u00fczenlemek gibi i\u015flerin yap\u0131lmas\u0131 messad tourism\u2019e ait olup, bu konudaki t\u00fcm haklara sahiptir.<br \/>\nYukar\u0131da belirtilen ilgili web sitesindeki bilgilerin g\u00fcncellemesi s\u0131ras\u0131nda sitede olabilecek muhtemel yanl\u0131\u015fl\u0131k, eksiklik ya da de\u011fi\u015fiklikten dolay\u0131 messad tourism\u2019in y\u00fck\u00fcml\u00fcl\u00fck alt\u0131na sokamaz.<\/p>\n<p>Ayn\u0131 zamanda yukar\u0131da s\u00f6z\u00fc ge\u00e7en web sitesinde kullan\u0131lan baz\u0131 ifadeler ileriye y\u00f6nelik oldu\u011fundan \u00e7e\u015fitli risk ve belirsizlikler i\u00e7ermesi m\u00fcmk\u00fcnd\u00fcr. messad tourism\u2019e ait web sitesi ve ilgili mikro sitelerine eri\u015fimde bulunan ki\u015fi ya da ki\u015filer Kullan\u0131m Ko\u015fullar\u0131&rsquo;n\u0131n en son halini kabul etmi\u015f olmakta ve ilgili web sitesindeki ziyaret\u00e7i, sitede bulunan bilgiler do\u011frultusunda her t\u00fcrl\u00fc karar ile ilgili t\u00fcm sorumluluklara sahiptir.<br \/>\nAnlat\u0131lan t\u00fcm bilgi, yorum ve g\u00f6r\u00fcnt\u00fcler, ki\u015fileri bilgilendirme ama\u00e7l\u0131 olup; reklam, tan\u0131 ve y\u00f6nlendirme amac\u0131 ta\u015f\u0131mamaktad\u0131r.<br \/>\nwww.messadtourism.com sayfam\u0131zdaki t\u00fcm materyallerde sa\u011flanan yasal haklar messad tourism taraf\u0131ndan veya materyalin orijinal yarat\u0131c\u0131s\u0131 taraf\u0131ndan tutulur.<br \/>\nBurada belirtilenin d\u0131\u015f\u0131nda, hi\u00e7bir materyal kopya edilemez, da\u011f\u0131t\u0131lamaz, \u00e7e\u015fitli alt lisansla de\u011fi\u015ftirilemez, ileride kullan\u0131lmak \u00fczere saklanamaz ve ticari bir ama\u00e7la kullan\u0131lamaz ve kulland\u0131r\u0131lamaz.<br \/>\nBu sitedeki herhangi bir materyalin herhangi bir imzas\u0131z kullan\u0131m\u0131 kopyalama yasalar\u0131, ticari yasalar, g\u00fcvenlik ve tan\u0131t\u0131m yasalar\u0131 ve ileti\u015fim kanunlar\u0131 ve stat\u00fclerini i\u00e7erir.<br \/>\nmessad tourism web sitesi ve mikro sitelere ula\u015f\u0131m serbest ve anonimdir.<br \/>\nBu ilgili sitelerde yer alan herhangi bir bilgiyi, herhangi bir \u015fekilde tahrif etmek; her t\u00fcrl\u00fc cezai hukuki takibata neden olacakt\u0131r.<br \/>\nmessad tourism sponsorluk etti\u011fi marka ya da markalar\u0131 onaylad\u0131\u011f\u0131 anla\u015f\u0131lmamal\u0131d\u0131r.<br \/>\nmessad tourism, hi\u00e7bir \u015fekilde web sitesinde ve yukar\u0131da belirtilen ilgili mikro sitelerde yay\u0131nlanan bilgiler do\u011frultusunda her t\u00fcrl\u00fc karar ve sorumluluk ziyaret\u00e7inin sorumlulu\u011fundad\u0131r ve olu\u015fabilecek ya da olu\u015fmu\u015f zarar veya kay\u0131plardan hi\u00e7bir \u015fekilde sorumlu de\u011fildir.<br \/>\nAyn\u0131 zamanda yukar\u0131da bahsedilen ilgili web sitelerinde yer alan bilgiler hi\u00e7bir \u015fekilde kullan\u0131c\u0131ya bir taahh\u00fct i\u00e7ermemektedir.<br \/>\nwww.messadtourism.com ve mikro sitelerde Online Hizmetler ve \u0130leti\u015fim Formlar\u0131 d\u0131\u015f\u0131nda bulunan t\u00fcm b\u00f6l\u00fcmleri ki\u015fisel bilgilerinizi vermeden diledi\u011finiz s\u0131kl\u0131kta ziyaret edebilir, gerekli a\u00e7\u0131klamalar\u0131 okuyabilir, \u015eirket \u00a0grubumuz hakk\u0131nda daha detayl\u0131 bilgiye sahip olabilirsiniz. Online Hizmetler b\u00f6l\u00fcmlerimizi kullanabilmeniz i\u00e7in ki\u015fisel bilgilerinizi do\u011fru ve eksiksiz olarak doldurarak \u00fcyelik kayd\u0131 yapman\u0131z gerekmektedir. www.messadtourism.com \u00a0sayfam\u0131za \u00fcye olurken vermi\u015f oldu\u011funuz ad, soyad, do\u011fum tarihi, cinsiyet, medeni durum, e\u011fitim durumu, meslek, telefon, cep telefonu, adres, \u015fehir bilgileri hi\u00e7bir \u015fekilde \u00fc\u00e7\u00fcnc\u00fc \u015fah\u0131slar ile payla\u015f\u0131lmaz.<\/p>\n<p>Yukar\u0131da belirtilen ilgili site ve mikro sitelerde yer alan \u0130leti\u015fim Formlar\u0131 vas\u0131tas\u0131 ile payla\u015fm\u0131\u015f oldu\u011funuz ileti\u015fim (telefon ve e-posta) bilgileri messad tourism ve\/veya yetkilendirdi\u011fi \u00e7\u00f6z\u00fcm ortaklar\u0131 arac\u0131l\u0131\u011f\u0131 ile istemi\u015f oldu\u011funuz bilginin size ula\u015ft\u0131r\u0131lmas\u0131 i\u00e7in kullan\u0131labilir. messad tourism\u2019e ait web siteleri sayfas\u0131nda vermi\u015f oldu\u011funuz bilgiler ilgili bu sa\u011fl\u0131k kurumunun size daha k\u0131sa s\u00fcrede ula\u015fmas\u0131n\u0131 sa\u011flamak ve sizleri bilgilendirmek amac\u0131yla kullan\u0131lacakt\u0131r.<br \/>\nKendinize ait ekran\u0131n\u0131zdan bilgilerinizi sadece siz g\u00fcncelleyebilir veya silebilirsiniz.<br \/>\nwww.messadtourism.com sayfam\u0131za \u00fcye olduktan sonra \u015fifrenizi kimseyle payla\u015fmaman\u0131z gerekmemektedir.<br \/>\nSitemizi her ziyaret etti\u011finizde isimsiz olarak IP adresiniz kay\u0131t alt\u0131na al\u0131nmaktad\u0131r.<br \/>\nSite ile ilgili \u015fikayet, \u00f6neri, bilgi i\u00e7erikli taleplerinizi info@messadtourism.com mail adresine iletebilirsiniz.<br \/>\nmessad tourism internet sitesinde messadtourism.com&rsquo;den ba\u015fka internet sitelerine de ba\u011flant\u0131lar bulunabilir, messadtourism.com sitemiz di\u011fer sitelerin gizlilik ve g\u00fcvenlik politikalar\u0131 ile i\u00e7eriklerinden sorumlu de\u011fildir.<br \/>\nBu sitede bulunan bilgi veya ifadelerin (tasar\u0131mlar, resimler, logo, v.b. gibi) telif hakk\u0131 messad tuizm&rsquo;e aittir. messad tourism\u2019in izni olmaks\u0131z\u0131n hi\u00e7bir \u015fekilde kullan\u0131lamaz.<\/p>\n<p>&nbsp;<\/p>\n","protected":false},"excerpt":{"rendered":"<p>Kullan\u0131m Ko\u015fullar\u0131 ve Gizlilik Politikas\u0131 Kullan\u0131m ve gizlilik ko\u015fullar\u0131 messad tuizm&rsquo;e ait www.messadtourism.com ve burada belirtilen messad tourism logosunu ta\u015f\u0131yan, bu sayfada listelenen t\u00fcm mikro siteler i\u00e7in ge\u00e7erlidir. S\u00f6z konusu messad tourism web sitelerini ziyaret etti\u011finizde sitelerde yer alan kullan\u0131m  [&#8230;]<\/p>\n","protected":false},"author":6,"featured_media":0,"parent":0,"menu_order":0,"comment_status":"closed","ping_status":"closed","template":"","meta":{"footnotes":""},"class_list":["post-4070","page","type-page","status-publish","hentry"],"yoast_head":"<!-- This site is optimized with the Yoast SEO plugin v27.4 - https:\/\/yoast.com\/product\/yoast-seo-wordpress\/ -->\n<title>Terms of Use and Privacy Policy | Messad Tourism<\/title>\n<meta name=\"robots\" content=\"index, follow, max-snippet:-1, max-image-preview:large, max-video-preview:-1\" \/>\n<link rel=\"canonical\" href=\"https:\/\/messadtourism.com\/fr\/terms-of-use-and-privacy-policy\/\" \/>\n<meta property=\"og:locale\" content=\"fr_FR\" \/>\n<meta property=\"og:type\" content=\"article\" \/>\n<meta property=\"og:title\" content=\"Terms of Use and Privacy Policy | Messad Tourism\" \/>\n<meta property=\"og:description\" content=\"Kullan\u0131m Ko\u015fullar\u0131 ve Gizlilik Politikas\u0131 Kullan\u0131m ve gizlilik ko\u015fullar\u0131 messad tuizm&rsquo;e ait www.messadtourism.com ve burada belirtilen messad tourism logosunu ta\u015f\u0131yan, bu sayfada listelenen t\u00fcm mikro siteler i\u00e7in ge\u00e7erlidir. S\u00f6z konusu messad tourism web sitelerini ziyaret etti\u011finizde sitelerde yer alan kullan\u0131m [...]\" \/>\n<meta property=\"og:url\" content=\"https:\/\/messadtourism.com\/fr\/terms-of-use-and-privacy-policy\/\" \/>\n<meta property=\"og:site_name\" content=\"Messad Tourism\" \/>\n<meta property=\"article:publisher\" content=\"https:\/\/www.facebook.com\/messadtourism\" \/>\n<meta name=\"twitter:card\" content=\"summary_large_image\" \/>\n<meta name=\"twitter:site\" content=\"@messadtourism\" \/>\n<meta name=\"twitter:label1\" content=\"Dur\u00e9e de lecture estim\u00e9e\" \/>\n\t<meta name=\"twitter:data1\" content=\"4 minutes\" \/>\n<script type=\"application\/ld+json\" class=\"yoast-schema-graph\">{\"@context\":\"https:\\\/\\\/schema.org\",\"@graph\":[{\"@type\":\"WebPage\",\"@id\":\"https:\\\/\\\/messadtourism.com\\\/fr\\\/terms-of-use-and-privacy-policy\\\/\",\"url\":\"https:\\\/\\\/messadtourism.com\\\/fr\\\/terms-of-use-and-privacy-policy\\\/\",\"name\":\"Terms of Use and Privacy Policy | Messad Tourism\",\"isPartOf\":{\"@id\":\"https:\\\/\\\/messadtourism.com\\\/#website\"},\"datePublished\":\"2022-06-15T10:06:27+00:00\",\"breadcrumb\":{\"@id\":\"https:\\\/\\\/messadtourism.com\\\/fr\\\/terms-of-use-and-privacy-policy\\\/#breadcrumb\"},\"inLanguage\":\"fr-FR\",\"potentialAction\":[{\"@type\":\"ReadAction\",\"target\":[\"https:\\\/\\\/messadtourism.com\\\/fr\\\/terms-of-use-and-privacy-policy\\\/\"]}]},{\"@type\":\"BreadcrumbList\",\"@id\":\"https:\\\/\\\/messadtourism.com\\\/fr\\\/terms-of-use-and-privacy-policy\\\/#breadcrumb\",\"itemListElement\":[{\"@type\":\"ListItem\",\"position\":1,\"name\":\"Ana sayfa\",\"item\":\"https:\\\/\\\/messadtourism.com\\\/fr\\\/\"},{\"@type\":\"ListItem\",\"position\":2,\"name\":\"Terms of Use and Privacy Policy\"}]},{\"@type\":\"WebSite\",\"@id\":\"https:\\\/\\\/messadtourism.com\\\/#website\",\"url\":\"https:\\\/\\\/messadtourism.com\\\/\",\"name\":\"Messad Tourism\",\"description\":\"\",\"potentialAction\":[{\"@type\":\"SearchAction\",\"target\":{\"@type\":\"EntryPoint\",\"urlTemplate\":\"https:\\\/\\\/messadtourism.com\\\/?s={search_term_string}\"},\"query-input\":{\"@type\":\"PropertyValueSpecification\",\"valueRequired\":true,\"valueName\":\"search_term_string\"}}],\"inLanguage\":\"fr-FR\"}]}<\/script>\n<!-- \/ Yoast SEO plugin. -->","yoast_head_json":{"title":"Terms of Use and Privacy Policy | Messad Tourism","robots":{"index":"index","follow":"follow","max-snippet":"max-snippet:-1","max-image-preview":"max-image-preview:large","max-video-preview":"max-video-preview:-1"},"canonical":"https:\/\/messadtourism.com\/fr\/terms-of-use-and-privacy-policy\/","og_locale":"fr_FR","og_type":"article","og_title":"Terms of Use and Privacy Policy | Messad Tourism","og_description":"Kullan\u0131m Ko\u015fullar\u0131 ve Gizlilik Politikas\u0131 Kullan\u0131m ve gizlilik ko\u015fullar\u0131 messad tuizm&rsquo;e ait www.messadtourism.com ve burada belirtilen messad tourism logosunu ta\u015f\u0131yan, bu sayfada listelenen t\u00fcm mikro siteler i\u00e7in ge\u00e7erlidir. S\u00f6z konusu messad tourism web sitelerini ziyaret etti\u011finizde sitelerde yer alan kullan\u0131m [...]","og_url":"https:\/\/messadtourism.com\/fr\/terms-of-use-and-privacy-policy\/","og_site_name":"Messad Tourism","article_publisher":"https:\/\/www.facebook.com\/messadtourism","twitter_card":"summary_large_image","twitter_site":"@messadtourism","twitter_misc":{"Dur\u00e9e de lecture estim\u00e9e":"4 minutes"},"schema":{"@context":"https:\/\/schema.org","@graph":[{"@type":"WebPage","@id":"https:\/\/messadtourism.com\/fr\/terms-of-use-and-privacy-policy\/","url":"https:\/\/messadtourism.com\/fr\/terms-of-use-and-privacy-policy\/","name":"Terms of Use and Privacy Policy | Messad Tourism","isPartOf":{"@id":"https:\/\/messadtourism.com\/#website"},"datePublished":"2022-06-15T10:06:27+00:00","breadcrumb":{"@id":"https:\/\/messadtourism.com\/fr\/terms-of-use-and-privacy-policy\/#breadcrumb"},"inLanguage":"fr-FR","potentialAction":[{"@type":"ReadAction","target":["https:\/\/messadtourism.com\/fr\/terms-of-use-and-privacy-policy\/"]}]},{"@type":"BreadcrumbList","@id":"https:\/\/messadtourism.com\/fr\/terms-of-use-and-privacy-policy\/#breadcrumb","itemListElement":[{"@type":"ListItem","position":1,"name":"Ana sayfa","item":"https:\/\/messadtourism.com\/fr\/"},{"@type":"ListItem","position":2,"name":"Terms of Use and Privacy Policy"}]},{"@type":"WebSite","@id":"https:\/\/messadtourism.com\/#website","url":"https:\/\/messadtourism.com\/","name":"Messad Tourism","description":"","potentialAction":[{"@type":"SearchAction","target":{"@type":"EntryPoint","urlTemplate":"https:\/\/messadtourism.com\/?s={search_term_string}"},"query-input":{"@type":"PropertyValueSpecification","valueRequired":true,"valueName":"search_term_string"}}],"inLanguage":"fr-FR"}]}},"_links":{"self":[{"href":"https:\/\/messadtourism.com\/fr\/wp-json\/wp\/v2\/pages\/4070","targetHints":{"allow":["GET"]}}],"collection":[{"href":"https:\/\/messadtourism.com\/fr\/wp-json\/wp\/v2\/pages"}],"about":[{"href":"https:\/\/messadtourism.com\/fr\/wp-json\/wp\/v2\/types\/page"}],"author":[{"embeddable":true,"href":"https:\/\/messadtourism.com\/fr\/wp-json\/wp\/v2\/users\/6"}],"replies":[{"embeddable":true,"href":"https:\/\/messadtourism.com\/fr\/wp-json\/wp\/v2\/comments?post=4070"}],"version-history":[{"count":0,"href":"https:\/\/messadtourism.com\/fr\/wp-json\/wp\/v2\/pages\/4070\/revisions"}],"wp:attachment":[{"href":"https:\/\/messadtourism.com\/fr\/wp-json\/wp\/v2\/media?parent=4070"}],"curies":[{"name":"wp","href":"https:\/\/api.w.org\/{rel}","templated":true}]}}